{"id":2777,"date":"2021-05-27T11:38:49","date_gmt":"2021-05-27T15:38:49","guid":{"rendered":"https:\/\/www.sheprdz.com?page_id=2777"},"modified":"2025-05-24T13:13:17","modified_gmt":"2025-05-24T17:13:17","slug":"pricing","status":"publish","type":"page","link":"https:\/\/www.sheprdz.com\/en\/pricing\/","title":{"rendered":"pricing"},"content":{"rendered":"<div data-elementor-type=\"wp-page\" data-elementor-id=\"2777\" class=\"elementor elementor-2777\">\n\t\t\t\t\t\t\t\t\t<header class=\"elementor-section elementor-top-section elementor-element elementor-element-2e67624f elementor-section-content-middle elementor-section-boxed elementor-section-height-default elementor-section-height-default\" data-id=\"2e67624f\" data-element_type=\"section\" data-settings=\"{&quot;background_background&quot;:&quot;classic&quot;}\">\n\t\t\t\t\t\t<div class=\"elementor-container elementor-column-gap-default\">\n\t\t\t\t\t<div class=\"elementor-column elementor-col-33 elementor-top-column elementor-element elementor-element-30ca5752\" data-id=\"30ca5752\" data-element_type=\"column\">\n\t\t\t<div class=\"elementor-widget-wrap elementor-element-populated\">\n\t\t\t\t\t\t\t\t<section class=\"elementor-section elementor-inner-section elementor-element elementor-element-14ee4338 elementor-section-content-middle elementor-section-boxed elementor-section-height-default elementor-section-height-default\" data-id=\"14ee4338\" data-element_type=\"section\">\n\t\t\t\t\t\t<div class=\"elementor-container elementor-column-gap-no\">\n\t\t\t\t\t<div class=\"elementor-column elementor-col-33 elementor-inner-column elementor-element elementor-element-3e1f6690\" data-id=\"3e1f6690\" data-element_type=\"column\">\n\t\t\t<div class=\"elementor-widget-wrap\">\n\t\t\t\t\t\t\t\t\t<\/div>\n\t\t<\/div>\n\t\t\t\t<div class=\"elementor-column elementor-col-66 elementor-inner-column elementor-element elementor-element-5132da59\" data-id=\"5132da59\" data-element_type=\"column\">\n\t\t\t<div class=\"elementor-widget-wrap elementor-element-populated\">\n\t\t\t\t\t\t\t\t<div class=\"elementor-element elementor-element-2a2b87c4 elementor-widget elementor-widget-heading\" data-id=\"2a2b87c4\" data-element_type=\"widget\" data-settings=\"{&quot;aos_animation_name&quot;:&quot;none&quot;}\" data-widget_type=\"heading.default\">\n\t\t\t\t<div class=\"elementor-widget-container\">\n\t\t\t<style>\/*! elementor - v3.15.0 - 20-07-2023 *\/\n.elementor-heading-title{padding:0;margin:0;line-height:1}.elementor-widget-heading .elementor-heading-title[class*=elementor-size-]>a{color:inherit;font-size:inherit;line-height:inherit}.elementor-widget-heading .elementor-heading-title.elementor-size-small{font-size:15px}.elementor-widget-heading .elementor-heading-title.elementor-size-medium{font-size:19px}.elementor-widget-heading .elementor-heading-title.elementor-size-large{font-size:29px}.elementor-widget-heading .elementor-heading-title.elementor-size-xl{font-size:39px}.elementor-widget-heading .elementor-heading-title.elementor-size-xxl{font-size:59px}<\/style><h1 class=\"elementor-heading-title elementor-size-default\">SHEPRDZ<\/h1>\t\t<\/div>\n\t\t\t\t<\/div>\n\t\t\t\t\t<\/div>\n\t\t<\/div>\n\t\t\t\t\t\t\t<\/div>\n\t\t<\/section>\n\t\t\t\t\t<\/div>\n\t\t<\/div>\n\t\t\t\t<div class=\"elementor-column elementor-col-33 elementor-top-column elementor-element elementor-element-35647a65\" data-id=\"35647a65\" data-element_type=\"column\">\n\t\t\t<div class=\"elementor-widget-wrap\">\n\t\t\t\t\t\t\t\t\t<\/div>\n\t\t<\/div>\n\t\t\t\t<div class=\"elementor-column elementor-col-33 elementor-top-column elementor-element elementor-element-4b0cc697\" data-id=\"4b0cc697\" data-element_type=\"column\">\n\t\t\t<div class=\"elementor-widget-wrap elementor-element-populated\">\n\t\t\t\t\t\t\t\t<div class=\"elementor-element elementor-element-2a08ee19 elementor-align-right elementor-mobile-align-justify elementor-widget elementor-widget-button\" data-id=\"2a08ee19\" data-element_type=\"widget\" data-settings=\"{&quot;aos_animation_name&quot;:&quot;none&quot;}\" data-widget_type=\"button.default\">\n\t\t\t\t<div class=\"elementor-widget-container\">\n\t\t\t\t\t<div class=\"elementor-button-wrapper\">\n\t\t\t<a class=\"elementor-button elementor-button-link elementor-size-sm\" href=\"https:\/\/www.sheprdz.com\/en\/app\/\">\n\t\t\t\t\t\t<span class=\"elementor-button-content-wrapper\">\n\t\t\t\t\t\t<span class=\"elementor-button-text\">Login<\/span>\n\t\t<\/span>\n\t\t\t\t\t<\/a>\n\t\t<\/div>\n\t\t\t\t<\/div>\n\t\t\t\t<\/div>\n\t\t\t\t\t<\/div>\n\t\t<\/div>\n\t\t\t\t\t\t\t<\/div>\n\t\t<\/header>\n\t\t\t\t<section class=\"elementor-section elementor-top-section elementor-element elementor-element-b8fa384 elementor-section-boxed elementor-section-height-default elementor-section-height-default\" data-id=\"b8fa384\" data-element_type=\"section\">\n\t\t\t\t\t\t<div class=\"elementor-container elementor-column-gap-default\">\n\t\t\t\t\t<div class=\"elementor-column elementor-col-100 elementor-top-column elementor-element elementor-element-bbc9e19\" data-id=\"bbc9e19\" data-element_type=\"column\">\n\t\t\t<div class=\"elementor-widget-wrap elementor-element-populated\">\n\t\t\t\t\t\t\t\t<div class=\"elementor-element elementor-element-f55dbde elementor-widget elementor-widget-html\" data-id=\"f55dbde\" data-element_type=\"widget\" data-settings=\"{&quot;aos_animation_name&quot;:&quot;none&quot;}\" data-widget_type=\"html.default\">\n\t\t\t\t<div class=\"elementor-widget-container\">\n\t\t\t<link rel=\"stylesheet\" href=\"https:\/\/www.sheprdz.com\/account\/account.css\">\r\n<link rel=\"stylesheet\" href=\"https:\/\/www.sheprdz.com\/account\/internal\/css\/app.css\">\r\n<script src=\"https:\/\/code.jquery.com\/jquery-2.2.4.min.js\"><\/script>\r\n<script src=\"https:\/\/cdn.jsdelivr.net\/npm\/bootstrap@4.6.2\/dist\/js\/bootstrap.bundle.min.js\"><\/script>\r\n\r\n<style>\r\n    .edition-1 { background-color:red; }\r\n    .edition-2 { background-color:#f46451; }\r\n    .edition-3 { background-color:red; }\r\n    .border-gray {\r\n        border:0px #ddd solid;\r\n        margin: 20px auto;\r\n        border-radius: 16px;\r\n        background-color: white;\r\n        font-family: \"Poppins\", Sans-serif;\r\n        font-size: 13px; }\r\n<\/style>\r\n\r\n<div ng-controller=\"loaderCtrl\" class=\"height-100pct\">\r\n    <pc-buy account-dir=\"\/account\"\r\n            product=\"sheprdz\"\r\n            code-promo-allowed=\"false\"\r\n            background-class=\"background-empty\"\r\n            default-currency=\"USD\"\r\n            star-edition=\"CROISSANCE\"\r\n            features=\"[]\">\r\n        <pane-title>\r\n\t\t\t<h2>D\u00e9marrez votre essai de 15 jours<\/h2>\r\n\t\t\t<p>100% gratuit \/ aucun engagement \/ 100% s\u00e9curis\u00e9<\/p>\r\n\t\t\t<div class=\"margin-top row\">\r\n\t\t\t\t<div class=\"col-sm-2\"><\/div>\r\n\t\t\t\t<h6 class=\"col-sm-8\">\r\n\t\t\t\t\tSHEPRDZ est l\u2019outil par excellence pour r\u00e9duire drastiquement \r\n    \t\t\t\tle temps administratif et am\u00e9liorer significativement la qualit\u00e9\r\n    \t\t\t\tde service \u00e0 vos membres\r\n    \t\t\t<\/h6>\r\n    \t\t<\/div>\r\n        <\/pane-title>\r\n    <\/pc-buy>\r\n<\/div>\r\n<script src=\"\/account\/app\/account.js\"><\/script>\r\n\t\t<\/div>\n\t\t\t\t<\/div>\n\t\t\t\t\t<\/div>\n\t\t<\/div>\n\t\t\t\t\t\t\t<\/div>\n\t\t<\/section>\n\t\t\t\t\t\t\t<\/div>","protected":false},"excerpt":{"rendered":"<p>SHEPRDZ Login D\u00e9marrez votre essai de 15 jours 100% gratuit \/ aucun engagement \/ 100% s\u00e9curis\u00e9 SHEPRDZ est l\u2019outil par excellence pour r\u00e9duire drastiquement le temps administratif et am\u00e9liorer significativement la qualit\u00e9 de service \u00e0 vos membres<\/p>","protected":false},"author":204981108,"featured_media":0,"parent":0,"menu_order":0,"comment_status":"closed","ping_status":"closed","template":"elementor_canvas","meta":{"_coblocks_attr":"","_coblocks_dimensions":"","_coblocks_responsive_height":"","_coblocks_accordion_ie_support":"","_vp_format_video_url":"","_vp_image_focal_point":[]},"amp_enabled":true,"_links":{"self":[{"href":"https:\/\/www.sheprdz.com\/en\/wp-json\/wp\/v2\/pages\/2777"}],"collection":[{"href":"https:\/\/www.sheprdz.com\/en\/wp-json\/wp\/v2\/pages"}],"about":[{"href":"https:\/\/www.sheprdz.com\/en\/wp-json\/wp\/v2\/types\/page"}],"author":[{"embeddable":true,"href":"https:\/\/www.sheprdz.com\/en\/wp-json\/wp\/v2\/users\/204981108"}],"replies":[{"embeddable":true,"href":"https:\/\/www.sheprdz.com\/en\/wp-json\/wp\/v2\/comments?post=2777"}],"version-history":[{"count":159,"href":"https:\/\/www.sheprdz.com\/en\/wp-json\/wp\/v2\/pages\/2777\/revisions"}],"predecessor-version":[{"id":4021,"href":"https:\/\/www.sheprdz.com\/en\/wp-json\/wp\/v2\/pages\/2777\/revisions\/4021"}],"wp:attachment":[{"href":"https:\/\/www.sheprdz.com\/en\/wp-json\/wp\/v2\/media?parent=2777"}],"curies":[{"name":"wp","href":"https:\/\/api.w.org\/{rel}","templated":true}]}}